{"id":479,"date":"2024-05-01T17:08:23","date_gmt":"2024-05-01T23:08:23","guid":{"rendered":"https:\/\/wellmind.insightful.design\/recursos\/"},"modified":"2025-06-12T07:29:24","modified_gmt":"2025-06-12T13:29:24","slug":"equipo-cat","status":"publish","type":"page","link":"https:\/\/wellmindconnection.org\/es\/equipo-cat\/","title":{"rendered":"Equipo CAT"},"content":{"rendered":"<div class=\"wpb-content-wrapper\"><p>[vc_section full_width=\u00bbstretch_row\u00bb][vc_row top_padding=\u00bb80&#8243; bottom_padding=\u00bb80&#8243;][vc_column width=\u00bb1\/4&#8243;]<div class=\"single_image wpb_content_element align-center  image_box_circle  \" data-animation=\"none\" data-delay=\"0\"><img loading=\"lazy\" decoding=\"async\" width=\"694\" height=\"694\" src=\"https:\/\/wellmindconnection.org\/wp-content\/uploads\/sites\/10\/2025\/06\/cat-logo.jpg\" class=\"attachment-full\" alt=\"Community Assistance and Treatment Logo\" title=\"cat-logo\" srcset=\"https:\/\/wellmindconnection.org\/wp-content\/uploads\/sites\/10\/2025\/06\/cat-logo.jpg 694w, https:\/\/wellmindconnection.org\/wp-content\/uploads\/sites\/10\/2025\/06\/cat-logo-300x300.jpg 300w, https:\/\/wellmindconnection.org\/wp-content\/uploads\/sites\/10\/2025\/06\/cat-logo-150x150.jpg 150w, https:\/\/wellmindconnection.org\/wp-content\/uploads\/sites\/10\/2025\/06\/cat-logo-80x80.jpg 80w, https:\/\/wellmindconnection.org\/wp-content\/uploads\/sites\/10\/2025\/06\/cat-logo-500x500.jpg 500w\" sizes=\"auto, (max-width: 694px) 100vw, 694px\" \/><\/div>[\/vc_column][vc_column width=\u00bb3\/4&#8243;][vc_column_text]<\/p>\n<h2 data-pm-slice=\"1 1 []\">Equipo CAT<\/h2>\n<p>[\/vc_column_text][vc_separator color=\u00bbvista_blue\u00bb align=\u00bbalign_left\u00bb style=\u00bbdotted\u00bb border_width=\u00bb8&#8243; el_width=\u00bb20&#8243; css=\u00bb.vc_custom_1717534261467{padding-top: 8px !important;padding-bottom: 20px !important;}\u00bb][vc_column_text]WellMind Connection no es un servicio de emergencia. Nuestro centro de llamadas est\u00e1 actualmente abierto de 12 a 4 p. m. Nuestro correo electr\u00f3nico y sitio web ser\u00e1n respondidos dentro de 2 d\u00edas h\u00e1biles.<\/p>\n<p>Si necesita apoyo urgente para la salud conductual o tiene una emergencia, <strong>llame al 911 y solicite un corespondedor<\/strong>. A continuaci\u00f3n se enumeran algunos apoyos de crisis adicionales.[\/vc_column_text]<div class=\"spacer\" style=\"height: 20px;\"><\/div>[vc_column_text]<a class=\"ProsemirrorEditor-link\" href=\"https:\/\/coloradocrisisservices.org\/\">Servicios de Crisis de Colorado<\/a><\/p>\n<p><a class=\"ProsemirrorEditor-link\" href=\"https:\/\/www.samhsa.gov\/find-help\/988\">L\u00ednea de crisis 988: llame o env\u00ede un mensaje de texto al 988 para obtener ayuda en caso de crisis<\/a><\/p>\n<p><a class=\"ProsemirrorEditor-link\" href=\"https:\/\/www.mhpcolorado.org\/\">Socios de Salud Mental Condados de Boulder y Broomfield<\/a><\/p>\n<p><a class=\"ProsemirrorEditor-link\" href=\"https:\/\/www.cchacares.com\/\">Alianza de Salud Comunitaria de Colorado<\/a><\/p>\n<p><a class=\"ProsemirrorEditor-link\" href=\"https:\/\/safe2tell.org\/?q=submit-anonymous-tip-report\">Safe2Tell<\/a> &#8211; 1-877-542-SAFE (7233)<\/p>\n<p><a class=\"ProsemirrorEditor-link\" href=\"https:\/\/vvfnd.org\/blog\/supporting-our-veterans-in-crisis-a-hotline-available-to-all-whove-served\/?gad_source=1&amp;gclid=CjwKCAjw65-zBhBkEiwAjrqRMJSqqqpxZEjOYUlWlczOtR46w1zGBC7ajk3mR64H8Oj35GuiATfKHRoCz7AQAvD_BwE\">Apoyando a nuestros veteranos en crisis: una l\u00ednea directa disponible para todos los que han servido &#8211; Vet Voice Foundation (vvfnd.org)<\/a><\/p>\n<p><a class=\"ProsemirrorEditor-link\" href=\"https:\/\/www.thetrevorproject.org\/get-help\/\">L\u00ednea directa de suicidio las 24 horas, los 7 d\u00edas de la semana para j\u00f3venes LGBTQ: Estamos aqu\u00ed para ayudarlo ahora (thetrevorproject.org)<\/a>[\/vc_column_text][\/vc_column][\/vc_row][\/vc_section][vc_section full_width=\u00bbstretch_row\u00bb disable_element=\u00bbyes\u00bb css=\u00bb.vc_custom_1718640945169{background-color: #f2f2f2 !important;}\u00bb][vc_row bg_image=\u00bb127&#8243; parallax_bg=\u00bbtrue\u00bb stellar_class=\u00bbfixed\u00bb text_color=\u00bblight\u00bb top_padding=\u00bb120&#8243;][vc_column el_class=\u00bbresources-bubble red\u00bb width=\u00bb1\/3&#8243;]<div class=\"single_image wpb_content_element align-center    \" data-animation=\"none\" data-delay=\"0\"><img loading=\"lazy\" decoding=\"async\" width=\"498\" height=\"235\" src=\"https:\/\/wellmindconnection.org\/wp-content\/uploads\/sites\/10\/2024\/06\/resources-911-988.png\" class=\"attachment-full\" alt=\"\" title=\"resources-911-988\" srcset=\"https:\/\/wellmindconnection.org\/wp-content\/uploads\/sites\/10\/2024\/06\/resources-911-988.png 498w, https:\/\/wellmindconnection.org\/wp-content\/uploads\/sites\/10\/2024\/06\/resources-911-988-300x142.png 300w\" sizes=\"auto, (max-width: 498px) 100vw, 498px\" \/><\/div><div class=\"spacer\" style=\"height: 15px;\"><\/div>[vc_column_text]<strong>911 y 988<\/strong><\/p>\n<ul>\n<li>Cu\u00e1ndo contactar:<\/li>\n<\/ul>\n<p>[\/vc_column_text][\/vc_column][vc_column el_class=\u00bbresources-bubble green\u00bb width=\u00bb1\/3&#8243;]<div class=\"single_image wpb_content_element align-center    \" data-animation=\"none\" data-delay=\"0\"><img decoding=\"async\" class=\"\" src=\"https:\/\/wellmindconnection.org\/wp-content\/uploads\/sites\/10\/2024\/06\/BOCOlogo_CMYK-150x150.png\" width=\"150\" height=\"150\" alt=\"BOCOlogo_CMYK\" title=\"BOCOlogo_CMYK\" loading=\"lazy\" \/><\/div><div class=\"spacer\" style=\"height: 15px;\"><\/div>[vc_column_text]<strong>Condado de Boulder<br \/>\nEquipo de Co-respondedor<\/strong><\/p>\n<ul>\n<li>Cu\u00e1ndo contactar:<\/li>\n<li>C\u00f3mo Contactar:<\/li>\n<\/ul>\n<p>[\/vc_column_text][\/vc_column][vc_column el_class=\u00bbresources-bubble teal\u00bb width=\u00bb1\/3&#8243;]<div class=\"single_image wpb_content_element align-center    \" data-animation=\"none\" data-delay=\"0\"><img decoding=\"async\" class=\"\" src=\"https:\/\/wellmindconnection.org\/wp-content\/uploads\/sites\/10\/2024\/06\/resources-cob_black-150x150.png\" width=\"150\" height=\"150\" alt=\"resources-cob_black\" title=\"resources-cob_black\" loading=\"lazy\" \/><\/div><div class=\"spacer\" style=\"height: 15px;\"><\/div>[vc_column_text]<strong>Ciudad de Boulder<br \/>\nEquipo de CARE<\/strong><\/p>\n<ul>\n<li>Cu\u00e1ndo contactar:<\/li>\n<li>C\u00f3mo Contactar:<\/li>\n<\/ul>\n<p>[\/vc_column_text][\/vc_column][\/vc_row][vc_row bg_image=\u00bb127&#8243; parallax_bg=\u00bbtrue\u00bb stellar_class=\u00bbfixed\u00bb text_color=\u00bblight\u00bb top_padding=\u00bb40&#8243; bottom_padding=\u00bb120&#8243;][vc_column el_class=\u00bbresources-bubble light-blue\u00bb width=\u00bb1\/3&#8243;]<div class=\"single_image wpb_content_element align-center    \" data-animation=\"none\" data-delay=\"0\"><img decoding=\"async\" class=\"\" src=\"https:\/\/wellmindconnection.org\/wp-content\/uploads\/sites\/10\/2024\/06\/resources-mhp-1-150x150.png\" width=\"150\" height=\"150\" alt=\"resources-mhp\" title=\"resources-mhp\" loading=\"lazy\" \/><\/div><div class=\"spacer\" style=\"height: 15px;\"><\/div>[vc_column_text]<strong>Socios de Salud Mental<br \/>\nCentro de Crisis<\/strong><\/p>\n<ul>\n<li>Cu\u00e1ndo contactar:<\/li>\n<li>C\u00f3mo Contactar:<\/li>\n<\/ul>\n<p>[\/vc_column_text][\/vc_column][vc_column el_class=\u00bbresources-bubble dark-blue\u00bb width=\u00bb1\/3&#8243;]<div class=\"single_image wpb_content_element align-center    \" data-animation=\"none\" data-delay=\"0\"><img decoding=\"async\" class=\"\" src=\"https:\/\/wellmindconnection.org\/wp-content\/uploads\/sites\/10\/2024\/06\/resources-cob_white-150x150.png\" width=\"150\" height=\"150\" alt=\"resources-cob_white\" title=\"resources-cob_white\" loading=\"lazy\" \/><\/div><div class=\"spacer\" style=\"height: 15px;\"><\/div>[vc_column_text]<strong>Ciudad de Boulder<br \/>\nEquipo CERT<\/strong><\/p>\n<ul>\n<li>Cu\u00e1ndo contactar:<\/li>\n<li>C\u00f3mo Contactar:<\/li>\n<\/ul>\n<p>[\/vc_column_text][\/vc_column][vc_column el_class=\u00bbresources-bubble purple\u00bb width=\u00bb1\/3&#8243;]<div class=\"single_image wpb_content_element align-center    \" data-animation=\"none\" data-delay=\"0\"><img decoding=\"async\" class=\"\" src=\"https:\/\/wellmindconnection.org\/wp-content\/uploads\/sites\/10\/2024\/06\/resources-longmont-150x150.png\" width=\"150\" height=\"150\" alt=\"resources-longmont\" title=\"resources-longmont\" loading=\"lazy\" \/><\/div><div class=\"spacer\" style=\"height: 15px;\"><\/div>[vc_column_text]<strong>Longmont<br \/>\nEquipo LEAD<\/strong><\/p>\n<ul>\n<li>Cu\u00e1ndo contactar:<\/li>\n<li>C\u00f3mo Contactar:<\/li>\n<\/ul>\n<p>[\/vc_column_text][\/vc_column][\/vc_row][\/vc_section]<\/p>\n<\/div>","protected":false},"excerpt":{"rendered":"<p>[vc_section full_width=\u00bbstretch_row\u00bb][vc_row top_padding=\u00bb80&#8243; bottom_padding=\u00bb80&#8243;][vc_column width=\u00bb1\/4&#8243;][\/vc_column][vc_column width=\u00bb3\/4&#8243;][vc_column_text] Equipo CAT [\/vc_column_text][vc_separator color=\u00bbvista_blue\u00bb align=\u00bbalign_left\u00bb style=\u00bbdotted\u00bb border_width=\u00bb8&#8243; el_width=\u00bb20&#8243; css=\u00bb.vc_custom_1717534261467{padding-top: 8px !important;padding-bottom: 20px !important;}\u00bb][vc_column_text]WellMind Connection no es un servicio de emergencia. Nuestro centro de llamadas est\u00e1 actualmente abierto de 12 a 4 p. m. Nuestro correo electr\u00f3nico y sitio web ser\u00e1n respondidos dentro de 2 d\u00edas h\u00e1biles. Si necesita apoyo urgente para la salud conductual o tiene una emergencia, llame al 911 y solicite un corespondedor. A continuaci\u00f3n se enumeran algunos apoyos de crisis adicionales.[\/vc_column_text][vc_column_text]Servicios de Crisis de Colorado L\u00ednea de crisis 988: llame o env\u00ede un mensaje de texto al 988 para obtener ayuda en caso de crisis Socios de Salud Mental Condados de Boulder y Broomfield Alianza de Salud Comunitaria de Colorado Safe2Tell &#8211; 1-877-542-SAFE (7233) Apoyando a nuestros veteranos en crisis: una l\u00ednea directa disponible para todos los que han servido &#8211; Vet Voice Foundation (vvfnd.org) L\u00ednea directa de suicidio las 24 horas, los 7 d\u00edas de la semana para j\u00f3venes LGBTQ: Estamos aqu\u00ed para ayudarlo ahora (thetrevorproject.org)[\/vc_column_text][\/vc_column][\/vc_row][\/vc_section][vc_section full_width=\u00bbstretch_row\u00bb disable_element=\u00bbyes\u00bb css=\u00bb.vc_custom_1718640945169{background-color: #f2f2f2 !important;}\u00bb][vc_row bg_image=\u00bb127&#8243; parallax_bg=\u00bbtrue\u00bb stellar_class=\u00bbfixed\u00bb text_color=\u00bblight\u00bb top_padding=\u00bb120&#8243;][vc_column el_class=\u00bbresources-bubble red\u00bb width=\u00bb1\/3&#8243;][vc_column_text]911 y 988 Cu\u00e1ndo contactar: [\/vc_column_text][\/vc_column][vc_column el_class=\u00bbresources-bubble green\u00bb width=\u00bb1\/3&#8243;][vc_column_text]Condado de Boulder Equipo de Co-respondedor Cu\u00e1ndo contactar: C\u00f3mo Contactar: [\/vc_column_text][\/vc_column][vc_column el_class=\u00bbresources-bubble teal\u00bb width=\u00bb1\/3&#8243;][vc_column_text]Ciudad [&hellip;]<\/p>\n","protected":false},"author":3004,"featured_media":0,"parent":0,"menu_order":0,"comment_status":"closed","ping_status":"closed","template":"","meta":{"_acf_changed":false,"footnotes":""},"class_list":["post-479","page","type-page","status-publish","hentry"],"acf":[],"_links":{"self":[{"href":"https:\/\/wellmindconnection.org\/es\/wp-json\/wp\/v2\/pages\/479","targetHints":{"allow":["GET"]}}],"collection":[{"href":"https:\/\/wellmindconnection.org\/es\/wp-json\/wp\/v2\/pages"}],"about":[{"href":"https:\/\/wellmindconnection.org\/es\/wp-json\/wp\/v2\/types\/page"}],"author":[{"embeddable":true,"href":"https:\/\/wellmindconnection.org\/es\/wp-json\/wp\/v2\/users\/3004"}],"replies":[{"embeddable":true,"href":"https:\/\/wellmindconnection.org\/es\/wp-json\/wp\/v2\/comments?post=479"}],"version-history":[{"count":12,"href":"https:\/\/wellmindconnection.org\/es\/wp-json\/wp\/v2\/pages\/479\/revisions"}],"predecessor-version":[{"id":831,"href":"https:\/\/wellmindconnection.org\/es\/wp-json\/wp\/v2\/pages\/479\/revisions\/831"}],"wp:attachment":[{"href":"https:\/\/wellmindconnection.org\/es\/wp-json\/wp\/v2\/media?parent=479"}],"curies":[{"name":"wp","href":"https:\/\/api.w.org\/{rel}","templated":true}]}}